{"id":32,"date":"2026-02-11T18:16:28","date_gmt":"2026-02-11T17:16:28","guid":{"rendered":"http:\/\/machmot.masternet.pl\/?page_id=32"},"modified":"2026-02-11T20:30:39","modified_gmt":"2026-02-11T19:30:39","slug":"kontakt","status":"publish","type":"page","link":"http:\/\/machmot.masternet.pl\/index.php\/kontakt\/","title":{"rendered":"Kontakt"},"content":{"rendered":"\n<style>\n\n.kontakt-container {\nmax-width:1100px;\nmargin:0 auto;\npadding:30px 20px;\nfont-family:Arial, sans-serif;\n}\n\n.kontakt-header {\ntext-align:center;\nmargin-bottom:40px;\n}\n\n.kontakt-grid {\ndisplay:flex;\nflex-wrap:wrap;\ngap:30px;\n}\n\n.kontakt-mapa {\nflex:1;\nmin-width:320px;\n}\n\n.kontakt-karta {\nflex:1;\nmin-width:320px;\nbackground:white;\npadding:25px;\nborder-radius:12px;\nbox-shadow:0 5px 20px rgba(0,0,0,0.1);\n}\n\n.kontakt-item {\nmargin-bottom:30px;\n}\n\n.kontakt-label {\nfont-size:18px;\ncolor:#2e7d32;\nfont-weight:bold;\nmargin-bottom:5px;\n}\n\n.kontakt-telefon {\nfont-size:42px !important;\nfont-weight:bold;\ncolor:#2e7d32;\ntext-decoration:none;\ndisplay:block;\n}\n\n.kontakt-email-text {\nfont-size:26px;\nfont-weight:bold;\nmargin-bottom:10px;\ndisplay:block;\n}\n\n.kontakt-przycisk {\ndisplay:inline-block;\nmargin-top:10px;\npadding:14px 24px;\nbackground:#2e7d32;\ncolor:white;\ntext-decoration:none;\nborder-radius:8px;\nfont-size:18px;\ntransition:0.3s;\n}\n\n.kontakt-przycisk:hover {\nbackground:#1b5e20;\n}\n\n.kontakt-email-btn {\ndisplay:inline-block;\nmargin-top:10px;\npadding:14px 24px;\nbackground:#1976d2;\ncolor:white;\ntext-decoration:none;\nborder-radius:8px;\nfont-size:18px;\n}\n\n.kontakt-email-btn:hover {\nbackground:#0d47a1;\n}\n\niframe {\nborder-radius:12px;\nbox-shadow:0 5px 20px rgba(0,0,0,0.1);\n}\n\n\/* STICKY BUTTON *\/\n\n.sticky-telefon {\nposition:fixed;\ntop:15px;\nright:15px;\nbackground:#2e7d32;\ncolor:white;\npadding:15px 25px;\nborder-radius:30px;\nfont-size:18px;\nfont-weight:bold;\ntext-decoration:none;\nbox-shadow:0 5px 20px rgba(0,0,0,0.3);\nz-index:9999;\ntransition:0.3s;\n}\n\n.sticky-telefon:hover {\nbackground:#1b5e20;\ntransform:scale(1.05);\n}\n\n\/* MOBILE *\/\n\n@media (max-width:768px){\n\n.kontakt-telefon {\nfont-size:34px !important;\n}\n\n.sticky-telefon {\nbottom:15px;\ntop:auto;\nright:15px;\nfont-size:16px;\n}\n\n}\n\n<\/style>\n\n\n<!-- STICKY BUTTON -->\n\n<a href=\"tel:693532640\" class=\"sticky-telefon\">\n\ud83d\udcde Zadzwo\u0144 teraz\n<\/a>\n\n\n<div class=\"kontakt-container\">\n\n<div class=\"kontakt-header\">\n\n<h2>Kontakt<\/h2>\n\n<p>\nSkontaktuj si\u0119 z nami, aby zarezerwowa\u0107 nocleg\n<\/p>\n\n<\/div>\n\n\n<div class=\"kontakt-grid\">\n\n\n<!-- MAPA -->\n\n<div class=\"kontakt-mapa\">\n\n<iframe\nsrc=\"https:\/\/www.google.com\/maps?q=Siennica+Nadolna+225+Krasnystaw&#038;output=embed\"\nwidth=\"100%\"\nheight=\"450\"\nloading=\"lazy\">\n<\/iframe>\n\n<br><br>\n\n<a href=\"https:\/\/maps.google.com?q=Siennica+Nadolna+225+Krasnystaw\"\ntarget=\"_blank\"\nclass=\"kontakt-przycisk\">\n\ud83d\udccd Nawiguj w Google Maps\n<\/a>\n\n<\/div>\n\n\n<!-- PRAWA STRONA -->\n\n<div class=\"kontakt-karta\">\n\n\n<div class=\"kontakt-item\">\n\n<div class=\"kontakt-label\">\nAdres\n<\/div>\n\nSiennica Nadolna 225<br>\n22-302 Krasnystaw\n\n<\/div>\n\n\n<div class=\"kontakt-item\">\n\n<div class=\"kontakt-label\">\nTelefon\n<\/div>\n\n<a href=\"tel:693532640\" class=\"kontakt-telefon\">\n693 532 640\n<\/a>\n\n<a href=\"tel:693532640\" class=\"kontakt-przycisk\">\n\ud83d\udcde Zadzwo\u0144 teraz\n<\/a>\n\n<\/div>\n\n\n<div class=\"kontakt-item\">\n\n<div class=\"kontakt-label\">\nEmail\n<\/div>\n\n<span class=\"kontakt-email-text\">\nrenatamariamachaj@gmail.com\n<\/span>\n\n<a href=\"mailto:renatamariamachaj@gmail.com\"\nclass=\"kontakt-email-btn\">\n\u2709 Napisz email\n<\/a>\n\n<\/div>\n\n\n<div class=\"kontakt-item\">\n\n\n\n\n<\/div>\n\n<\/div>\n\n<\/div>\n\n\n\n\n<details class=\"wp-block-details is-layout-flow wp-block-details-is-layout-flow\"><summary><\/summary>\n<p><\/p>\n<\/details>\n","protected":false},"excerpt":{"rendered":"<p>\ud83d\udcde Zadzwo\u0144 teraz Kontakt Skontaktuj si\u0119 z nami, aby zarezerwowa\u0107 nocleg \ud83d\udccd Nawiguj w Google Maps Adres Siennica Nadolna 225 22-302 Krasnystaw Telefon 693 532 640 \ud83d\udcde Zadzwo\u0144 teraz Email renatamariamachaj@gmail.com \u2709 Napisz email<\/p>\n","protected":false},"author":1,"featured_media":0,"parent":0,"menu_order":0,"comment_status":"closed","ping_status":"closed","template":"","meta":{"footnotes":""},"class_list":["post-32","page","type-page","status-publish","hentry"],"_links":{"self":[{"href":"http:\/\/machmot.masternet.pl\/index.php\/wp-json\/wp\/v2\/pages\/32","targetHints":{"allow":["GET"]}}],"collection":[{"href":"http:\/\/machmot.masternet.pl\/index.php\/wp-json\/wp\/v2\/pages"}],"about":[{"href":"http:\/\/machmot.masternet.pl\/index.php\/wp-json\/wp\/v2\/types\/page"}],"author":[{"embeddable":true,"href":"http:\/\/machmot.masternet.pl\/index.php\/wp-json\/wp\/v2\/users\/1"}],"replies":[{"embeddable":true,"href":"http:\/\/machmot.masternet.pl\/index.php\/wp-json\/wp\/v2\/comments?post=32"}],"version-history":[{"count":18,"href":"http:\/\/machmot.masternet.pl\/index.php\/wp-json\/wp\/v2\/pages\/32\/revisions"}],"predecessor-version":[{"id":78,"href":"http:\/\/machmot.masternet.pl\/index.php\/wp-json\/wp\/v2\/pages\/32\/revisions\/78"}],"wp:attachment":[{"href":"http:\/\/machmot.masternet.pl\/index.php\/wp-json\/wp\/v2\/media?parent=32"}],"curies":[{"name":"wp","href":"https:\/\/api.w.org\/{rel}","templated":true}]}}